{"id":2319,"date":"2024-03-06T10:56:13","date_gmt":"2024-03-06T10:56:13","guid":{"rendered":"https:\/\/mbrabik.rs\/product\/tourismo-transmission-below-cover\/"},"modified":"2024-11-18T11:26:28","modified_gmt":"2024-11-18T11:26:28","slug":"tourismo-transmission-below-cover","status":"publish","type":"product","link":"https:\/\/mbrabik.rs\/sr\/\u043f\u0440\u043e\u0438\u0437\u0432\u043e\u0434\/tourismo-transmission-below-cover\/","title":{"rendered":"TOURISMO \u0160uspleh menja\u010da"},"content":{"rendered":"","protected":false},"excerpt":{"rendered":"<p>TOURISMO \u0160uspleh menja\u010da<\/p>","protected":false},"featured_media":1906,"template":"","meta":{"rank_math_lock_modified_date":false},"product_cat":[106],"product_tag":[],"class_list":{"0":"post-2319","1":"product","2":"type-product","3":"status-publish","4":"has-post-thumbnail","6":"product_cat-below-cover","8":"first","9":"instock","10":"shipping-taxable","11":"product-type-simple"},"_links":{"self":[{"href":"https:\/\/mbrabik.rs\/sr\/wp-json\/wp\/v2\/product\/2319","targetHints":{"allow":["GET"]}}],"collection":[{"href":"https:\/\/mbrabik.rs\/sr\/wp-json\/wp\/v2\/product"}],"about":[{"href":"https:\/\/mbrabik.rs\/sr\/wp-json\/wp\/v2\/types\/product"}],"wp:featuredmedia":[{"embeddable":true,"href":"https:\/\/mbrabik.rs\/sr\/wp-json\/wp\/v2\/media\/1906"}],"wp:attachment":[{"href":"https:\/\/mbrabik.rs\/sr\/wp-json\/wp\/v2\/media?parent=2319"}],"wp:term":[{"taxonomy":"product_cat","embeddable":true,"href":"https:\/\/mbrabik.rs\/sr\/wp-json\/wp\/v2\/product_cat?post=2319"},{"taxonomy":"product_tag","embeddable":true,"href":"https:\/\/mbrabik.rs\/sr\/wp-json\/wp\/v2\/product_tag?post=2319"}],"curies":[{"name":"wp","href":"https:\/\/api.w.org\/{rel}","templated":true}]}}