{"id":2144,"date":"2024-03-06T10:35:16","date_gmt":"2024-03-06T10:35:16","guid":{"rendered":"https:\/\/mbrabik.rs\/product\/trevego-tourismo-driver-window-regulator-o-m\/"},"modified":"2024-11-18T11:25:24","modified_gmt":"2024-11-18T11:25:24","slug":"trevego-tourismo-driver-window-regulator-o-m","status":"publish","type":"product","link":"https:\/\/mbrabik.rs\/sr\/\u043f\u0440\u043e\u0438\u0437\u0432\u043e\u0434\/trevego-tourismo-driver-window-regulator-o-m\/","title":{"rendered":"TRAVEGO - TOURISMO Podiza\u010d  voza\u010devog prozora - O.M."},"content":{"rendered":"","protected":false},"excerpt":{"rendered":"<p>TRAVEGO - TOURISMO Podiza\u010d  voza\u010devog prozora - O.M.<\/p>","protected":false},"featured_media":1884,"template":"","meta":{"rank_math_lock_modified_date":false},"product_cat":[123],"product_tag":[],"class_list":{"0":"post-2144","1":"product","2":"type-product","3":"status-publish","4":"has-post-thumbnail","6":"product_cat-driver-window","8":"first","9":"instock","10":"shipping-taxable","11":"product-type-simple"},"_links":{"self":[{"href":"https:\/\/mbrabik.rs\/sr\/wp-json\/wp\/v2\/product\/2144","targetHints":{"allow":["GET"]}}],"collection":[{"href":"https:\/\/mbrabik.rs\/sr\/wp-json\/wp\/v2\/product"}],"about":[{"href":"https:\/\/mbrabik.rs\/sr\/wp-json\/wp\/v2\/types\/product"}],"wp:featuredmedia":[{"embeddable":true,"href":"https:\/\/mbrabik.rs\/sr\/wp-json\/wp\/v2\/media\/1884"}],"wp:attachment":[{"href":"https:\/\/mbrabik.rs\/sr\/wp-json\/wp\/v2\/media?parent=2144"}],"wp:term":[{"taxonomy":"product_cat","embeddable":true,"href":"https:\/\/mbrabik.rs\/sr\/wp-json\/wp\/v2\/product_cat?post=2144"},{"taxonomy":"product_tag","embeddable":true,"href":"https:\/\/mbrabik.rs\/sr\/wp-json\/wp\/v2\/product_tag?post=2144"}],"curies":[{"name":"wp","href":"https:\/\/api.w.org\/{rel}","templated":true}]}}